{"id":1307,"date":"2017-06-18T22:10:15","date_gmt":"2017-06-18T20:10:15","guid":{"rendered":"http:\/\/czerwonawalizka.com\/?page_id=1307"},"modified":"2025-08-29T12:27:19","modified_gmt":"2025-08-29T10:27:19","slug":"wspolpraca","status":"publish","type":"page","link":"https:\/\/czerwonawalizka.com\/index.php\/wspolpraca\/","title":{"rendered":"Wsp\u00f3\u0142praca"},"content":{"rendered":"<p>Blog jest \u017ar\u00f3d\u0142em informacji o \u017cyciu w Czechach, pe\u0142en jest opowiastek z \u017cycia na czeskiej ziemi wzi\u0119tych, zawiera te\u017c r\u00f3\u017cne propozycje turystycznych destynacji. Pojawiaj\u0105 si\u0119 r\u00f3wnie\u017c posty o charakterze bardziej og\u00f3lnym, dotycz\u0105cym podr\u00f3\u017cowania i dotykania innych kultur, a tak\u017ce j\u0119zyk\u00f3w obcych. Ch\u0119tnie nawi\u0105\u017c\u0119 wsp\u00f3\u0142prac\u0119 w zakresie powy\u017cszej tematyki, zar\u00f3wno z bloger@mi lub firmami, np. poprzez:<\/p>\n<ul>\n<li>recenzj\u0119 us\u0142ugi (zwi\u0105zanej z bran\u017c\u0105 turystyczn\u0105 lub nauki j\u0119zyk\u00f3w obcych)<\/li>\n<li>recenzj\u0119 produktu (kt\u00f3ry np. pochodzi z Czech albo z Czechami jest w jaki\u015b spos\u00f3b zwi\u0105zany)<\/li>\n<li>materia\u0142 promocyjny (artyku\u0142 + post na fb + post na Insta), np. dotycz\u0105cy wyjazdu w dany region<\/li>\n<li>wsp\u00f3\u0142praca na zasadzie wpisu go\u015bcinnego, np. na innych blogach podr\u00f3\u017cniczych<\/li>\n<\/ul>\n<p>Czytelnikami bloga s\u0105 niemal po po\u0142owie kobiety (48,7%) i m\u0119\u017cczy\u017ani (51,3%). Prawie 40% czytelnik\u00f3w to osoby w wieku 25-34, 18% to osoby w wieku 35-55 i 16% to osoby w wieku 18-24.<\/p>\n<p>Blog jest stosunkowo nowym tworem, tworz\u0119 go w obecnej formie od lipca 2017 roku. Obecnie w ka\u017cdym miesi\u0105cu odwiedza go troch\u0119 oko\u0142o 2 tysi\u0119cy u\u017cytkownik\u00f3w.<\/p>\n\n\n<p><a href=\"https:\/\/www.facebook.com\/walizkaczerwona\" target=\"_blank\" rel=\"noreferrer noopener\">Fanpejd\u017c na fb<\/a> liczy sobie obecnie 1200 os\u00f3b, kt\u00f3re klikn\u0119\u0142y Lubi\u0119 to i 1500 obserwuj\u0105cych.<a href=\"https:\/\/www.facebook.com\/groups\/czerwona.walizka\" target=\"_blank\" rel=\"noreferrer noopener\"> Grupa DCW<\/a> to 3021osoby. <a href=\"https:\/\/www.instagram.com\/dziewczynazczerwonawalizka\/\" target=\"_blank\" rel=\"noreferrer noopener\">Profil na insta DCW<\/a> ma 868 obserwuj\u0105cych.<\/p>\n\n\n\n<p>Je\u015bli widzisz pole wsp\u00f3\u0142pracy, zapraszam do kontaktu:&nbsp;pasinska.marta@gmail.com.<\/p>\n\n\n\n<p>Marta<\/p>\n\n\n\n<h2 class=\"wp-block-heading\"><strong>Gdzie mnie mo\u017cecie jeszcze us\u0142ysze\u0107\/przeczyta\u0107?<\/strong><\/h2>\n\n\n\n<ul class=\"wp-block-list\">\n<li><a href=\"https:\/\/www.youtube.com\/watch?v=IknhDoX01IE&amp;t=944s&amp;ab_channel=DROZDOWISKO-TeresaDrozda\" target=\"_blank\" rel=\"noreferrer noopener\">Drozdowisko <\/a>&#8211; go\u015bcinnie wyst\u0105pi\u0142am w nagraniu podcasatu Teresy Drozdy o Czechach i ich kulturze; ten odcinek po\u015bwi\u0119cony by\u0142 \u017cyciu polskich ekspat\u00f3w w Czechach; opowiada\u0142am w nim o tym, jak to jest \u017cy\u0107 w Czechach poza Prag\u0105 i dlaczego Czesi przypominaj\u0105 mi hobbit\u00f3w.<\/li>\n<\/ul>\n\n\n\n<ul class=\"wp-block-list\">\n<li><a href=\"https:\/\/player.meloradio.pl\/Podcasty\/Melotrendy\/Rozmowa-z-ekspertem-jak-odpoczywac-aktywnie-w-Czechach\" target=\"_blank\" rel=\"noreferrer noopener\">Rozmowa z ekspertem w Meloradiu<\/a> &#8211; jak aktywnie wypoczywa\u0107 w Czechach &#8211; czyli kr\u00f3tka rozmowa z Alicj\u0105 My\u015bliwiec, podczas kt\u00f3rej opowiada\u0142am, jak Czechy mo\u017cna aktywnie zwiedza\u0107<\/li>\n<\/ul>\n\n\n\n<ul class=\"wp-block-list\">\n<li><a href=\"https:\/\/player.meloradio.pl\/Podcasty\/Melotrendy\/Co-warto-zobaczyc-w-Czechach\" target=\"_blank\" rel=\"noreferrer noopener\">Rozmowa z ekspertem w Meloradiu<\/a> &#8211; ponownie rozmawia\u0142am z Alicj\u0105 My\u015bliwiec, tym razem o najpi\u0119kniejszych szlakach pieszych w Czechach.<\/li>\n<\/ul>\n\n\n\n<ul class=\"wp-block-list\">\n<li><a href=\"https:\/\/pl.europa.jobs\/art-kierunek-migracji-czechy-wywiad-dziewczyna-z-czerwona-walizka\/\" target=\"_blank\" rel=\"noreferrer noopener\">Wywiad dotycz\u0105cy Czech\u00f3w<\/a> jako kierunku emigracji zarobkowej udzielony portalowi europa.jobs<\/li>\n<\/ul>\n\n\n\n<ul class=\"wp-block-list\">\n<li>W artykule Business Insider Polska <a href=\"https:\/\/businessinsider.com.pl\/wiadomosci\/zrelaksowany-jak-czech-duzo-bardziej-ceni-sie-tutaj-czas-wolny\/bj1t6wx\" target=\"_blank\" rel=\"noreferrer noopener\">\u201eCzesi. Oni pracuj\u0105, \u017ceby \u017cy\u0107, a nie \u017cyj\u0105, \u017ceby pracowa\u0107\u201d<\/a> Justyny Sobolak doda\u0142am swoje trzy grosze, opowiadaj\u0105c o tym, jak Czesi pracuj\u0105<\/li>\n<\/ul>\n\n\n\n<ul class=\"wp-block-list\">\n<li>W programie &#8222;Halo Polacy&#8221; portalu WP Turystyka rozmawia\u0142am z Monik\u0105 Sikorsk\u0105: <a href=\"https:\/\/turystyka.wp.pl\/halo-polacy-polka-zszokowana-podejsciem-czechow-do-nagosci-nikt-sie-tym-nie-przejmuje-7034506810971777v\" target=\"_blank\" rel=\"noreferrer noopener\">o nago\u015bci i poczuciu wstydu<\/a>, o <a href=\"https:\/\/turystyka.wp.pl\/halo-polacy-piwo-tansze-niz-woda-musieli-zmienic-przepisy-7035241152636545v\" target=\"_blank\" rel=\"noreferrer noopener\">wszechobecnym czeskim piwie<\/a>, <a href=\"https:\/\/turystyka.wp.pl\/halo-polacy-marta-zyje-w-czechach-jak-w-polsce-w-latach-90-7035232600860801v\" target=\"_blank\" rel=\"noreferrer noopener\">o \u017cyciu kobiet<\/a>, <a href=\"https:\/\/turystyka.wp.pl\/halo-polacy-w-czechach-to-temat-tabu-po-pol-roku-mialam-dosc-7037713036966017v\" target=\"_blank\" rel=\"noreferrer noopener\">o alkoholu<\/a> i <a href=\"https:\/\/turystyka.wp.pl\/halo-polacy-fenomen-czeskiego-kina-ciagle-przezywalam-male-szoki-7037716196087425v\" target=\"_blank\" rel=\"noreferrer noopener\">o czeskim kinie<\/a>.<\/li>\n<\/ul>\n\n\n\n<ul class=\"wp-block-list\">\n<li>W podca\u015bcie <a href=\"https:\/\/www.youtube.com\/watch?v=y7PPaftMJWM&amp;list=PLVzh31EWwPBi90FEynQC78k7RJRy-YJIK&amp;ab_channel=troyanovska\" target=\"_blank\" rel=\"noreferrer noopener\">Cz\u0142owiek cz\u0142owiekowi przewodnikiem<\/a> rozmawia\u0142am z Joann\u0105 Trojanowsk\u0105 o czeskiej mentalno\u015bci, czeskim katolicyzmie, trempingu i zwiedzaniu Czech.<\/li>\n\n\n\n<li>W podca\u015bcie <a href=\"https:\/\/www.youtube.com\/watch?v=6ZNinxkko8U&amp;t=1086s\" target=\"_blank\" rel=\"noreferrer noopener\">Czechostacja <\/a>rozmawia\u0142am z Jakubem Medkiem o rzeczywisto\u015bci \u017cycia w Czechach, mikrozachwytach, o czeskim rynku pracy i szerzej, kulturze pracy, a tak\u017ce o tym, co w Polakach Czech\u00f3w triggeruje.<\/li>\n\n\n\n<li>W programie <a href=\"https:\/\/nowyswiat.online\/podcasty\/pod-czeskim-dachem-54?fbclid=IwY2xjawMeSGVleHRuA2FlbQIxMABicmlkETFrc0pDRnhUc1ZTaVN6NWYyAR6myJ09OK-YT35pb8g4QWh3drdwuRQDVZ5t7dI-y4Vjvu0sg6bpIiTFD2F9Bg_aem_nhQDTRAQoD0ebzXLYUZU5g\" target=\"_blank\" rel=\"noreferrer noopener\">Pod czeskim dachem<\/a> rozmawia\u0142am z Tomaszem \u0141awnickim o \u017cyciu w Czechach, o tym, czego mnie nauczy\u0142o i jakie wnioski po kilku latach \u017cycia na obczy\u017anie wyci\u0105gn\u0119\u0142am. <\/li>\n<\/ul>\n\n\n\n<figure class=\"wp-block-image size-large\"><img loading=\"lazy\" decoding=\"async\" width=\"810\" height=\"450\" src=\"https:\/\/czerwonawalizka.com\/wp-content\/uploads\/2018\/05\/9.png\" alt=\"Przewodnik po Czechach\" class=\"wp-image-2289\" srcset=\"https:\/\/czerwonawalizka.com\/wp-content\/uploads\/2018\/05\/9.png 810w, https:\/\/czerwonawalizka.com\/wp-content\/uploads\/2018\/05\/9-600x333.png 600w, https:\/\/czerwonawalizka.com\/wp-content\/uploads\/2018\/05\/9-300x167.png 300w, https:\/\/czerwonawalizka.com\/wp-content\/uploads\/2018\/05\/9-768x427.png 768w, https:\/\/czerwonawalizka.com\/wp-content\/uploads\/2018\/05\/9-540x300.png 540w, https:\/\/czerwonawalizka.com\/wp-content\/uploads\/2018\/05\/9-400x222.png 400w\" sizes=\"auto, (max-width: 810px) 100vw, 810px\" \/><\/figure>\n","protected":false},"excerpt":{"rendered":"<p>Blog jest \u017ar\u00f3d\u0142em informacji o \u017cyciu w Czechach, pe\u0142en jest opowiastek z \u017cycia na czeskiej ziemi wzi\u0119tych, zawiera te\u017c r\u00f3\u017cne propozycje turystycznych destynacji. Pojawiaj\u0105 si\u0119 r\u00f3wnie\u017c posty o charakterze bardziej og\u00f3lnym, dotycz\u0105cym podr\u00f3\u017cowania i dotykania innych kultur, a tak\u017ce j\u0119zyk\u00f3w obcych. Ch\u0119tnie nawi\u0105\u017c\u0119 wsp\u00f3\u0142prac\u0119 w zakresie powy\u017cszej tematyki, zar\u00f3wno z bloger@mi lub firmami, np. poprzez:&hellip; <a class=\"more-link\" href=\"https:\/\/czerwonawalizka.com\/index.php\/wspolpraca\/\">Read More <span class=\"screen-reader-text\">Wsp\u00f3\u0142praca<\/span><\/a><\/p>\n","protected":false},"author":2,"featured_media":0,"parent":0,"menu_order":0,"comment_status":"closed","ping_status":"closed","template":"nosidebar-page.php","meta":{"jetpack_post_was_ever_published":false,"footnotes":""},"class_list":["post-1307","page","type-page","status-publish","hentry"],"yoast_head":"<!-- This site is optimized with the Yoast SEO plugin v27.0 - https:\/\/yoast.com\/product\/yoast-seo-wordpress\/ -->\n<title>Wsp\u00f3\u0142praca - Dziewczyna z czerwon\u0105 walizk\u0105<\/title>\n<meta name=\"description\" content=\"Blog o Czechach - wsp\u00f3\u0142praca\" \/>\n<meta name=\"robots\" content=\"index, follow, max-snippet:-1, max-image-preview:large, max-video-preview:-1\" \/>\n<link rel=\"canonical\" href=\"https:\/\/czerwonawalizka.com\/index.php\/wspolpraca\/\" \/>\n<meta property=\"og:locale\" content=\"pl_PL\" \/>\n<meta property=\"og:type\" content=\"article\" \/>\n<meta property=\"og:title\" content=\"Wsp\u00f3\u0142praca - Dziewczyna z czerwon\u0105 walizk\u0105\" \/>\n<meta property=\"og:description\" content=\"Blog o Czechach - wsp\u00f3\u0142praca\" \/>\n<meta property=\"og:url\" content=\"https:\/\/czerwonawalizka.com\/index.php\/wspolpraca\/\" \/>\n<meta property=\"og:site_name\" content=\"Dziewczyna z czerwon\u0105 walizk\u0105\" \/>\n<meta property=\"article:modified_time\" content=\"2025-08-29T10:27:19+00:00\" \/>\n<meta property=\"og:image\" content=\"https:\/\/czerwonawalizka.com\/wp-content\/uploads\/2018\/05\/9.png\" \/>\n\t<meta property=\"og:image:width\" content=\"810\" \/>\n\t<meta property=\"og:image:height\" content=\"450\" \/>\n\t<meta property=\"og:image:type\" content=\"image\/png\" \/>\n<meta name=\"twitter:card\" content=\"summary_large_image\" \/>\n<meta name=\"twitter:label1\" content=\"Szacowany czas czytania\" \/>\n\t<meta name=\"twitter:data1\" content=\"3 minuty\" \/>\n<script type=\"application\/ld+json\" class=\"yoast-schema-graph\">{\"@context\":\"https:\/\/schema.org\",\"@graph\":[{\"@type\":\"WebPage\",\"@id\":\"https:\/\/czerwonawalizka.com\/index.php\/wspolpraca\/\",\"url\":\"https:\/\/czerwonawalizka.com\/index.php\/wspolpraca\/\",\"name\":\"Wsp\u00f3\u0142praca - Dziewczyna z czerwon\u0105 walizk\u0105\",\"isPartOf\":{\"@id\":\"https:\/\/czerwonawalizka.com\/#website\"},\"primaryImageOfPage\":{\"@id\":\"https:\/\/czerwonawalizka.com\/index.php\/wspolpraca\/#primaryimage\"},\"image\":{\"@id\":\"https:\/\/czerwonawalizka.com\/index.php\/wspolpraca\/#primaryimage\"},\"thumbnailUrl\":\"https:\/\/czerwonawalizka.com\/wp-content\/uploads\/2018\/05\/9.png\",\"datePublished\":\"2017-06-18T20:10:15+00:00\",\"dateModified\":\"2025-08-29T10:27:19+00:00\",\"description\":\"Blog o Czechach - wsp\u00f3\u0142praca\",\"breadcrumb\":{\"@id\":\"https:\/\/czerwonawalizka.com\/index.php\/wspolpraca\/#breadcrumb\"},\"inLanguage\":\"pl-PL\",\"potentialAction\":[{\"@type\":\"ReadAction\",\"target\":[\"https:\/\/czerwonawalizka.com\/index.php\/wspolpraca\/\"]}]},{\"@type\":\"ImageObject\",\"inLanguage\":\"pl-PL\",\"@id\":\"https:\/\/czerwonawalizka.com\/index.php\/wspolpraca\/#primaryimage\",\"url\":\"https:\/\/czerwonawalizka.com\/wp-content\/uploads\/2018\/05\/9.png\",\"contentUrl\":\"https:\/\/czerwonawalizka.com\/wp-content\/uploads\/2018\/05\/9.png\",\"width\":810,\"height\":450,\"caption\":\"Przewodnik po Czechach\"},{\"@type\":\"BreadcrumbList\",\"@id\":\"https:\/\/czerwonawalizka.com\/index.php\/wspolpraca\/#breadcrumb\",\"itemListElement\":[{\"@type\":\"ListItem\",\"position\":1,\"name\":\"Home\",\"item\":\"https:\/\/czerwonawalizka.com\/\"},{\"@type\":\"ListItem\",\"position\":2,\"name\":\"Wsp\u00f3\u0142praca\"}]},{\"@type\":\"WebSite\",\"@id\":\"https:\/\/czerwonawalizka.com\/#website\",\"url\":\"https:\/\/czerwonawalizka.com\/\",\"name\":\"Dziewczyna z czerwon\u0105 walizk\u0105\",\"description\":\"Blog patchworkowy\",\"publisher\":{\"@id\":\"https:\/\/czerwonawalizka.com\/#\/schema\/person\/ca9ae0ae7fc0f714249aaa234df8f5cc\"},\"potentialAction\":[{\"@type\":\"SearchAction\",\"target\":{\"@type\":\"EntryPoint\",\"urlTemplate\":\"https:\/\/czerwonawalizka.com\/?s={search_term_string}\"},\"query-input\":{\"@type\":\"PropertyValueSpecification\",\"valueRequired\":true,\"valueName\":\"search_term_string\"}}],\"inLanguage\":\"pl-PL\"},{\"@type\":[\"Person\",\"Organization\"],\"@id\":\"https:\/\/czerwonawalizka.com\/#\/schema\/person\/ca9ae0ae7fc0f714249aaa234df8f5cc\",\"name\":\"Marta\",\"image\":{\"@type\":\"ImageObject\",\"inLanguage\":\"pl-PL\",\"@id\":\"https:\/\/czerwonawalizka.com\/#\/schema\/person\/image\/\",\"url\":\"https:\/\/czerwonawalizka.com\/wp-content\/uploads\/2017\/06\/cropped-logo6-1.png\",\"contentUrl\":\"https:\/\/czerwonawalizka.com\/wp-content\/uploads\/2017\/06\/cropped-logo6-1.png\",\"width\":1108,\"height\":480,\"caption\":\"Marta\"},\"logo\":{\"@id\":\"https:\/\/czerwonawalizka.com\/#\/schema\/person\/image\/\"},\"sameAs\":[\"http:\/\/www.czerwonawalizka.com\"]}]}<\/script>\n<!-- \/ Yoast SEO plugin. -->","yoast_head_json":{"title":"Wsp\u00f3\u0142praca - Dziewczyna z czerwon\u0105 walizk\u0105","description":"Blog o Czechach - wsp\u00f3\u0142praca","robots":{"index":"index","follow":"follow","max-snippet":"max-snippet:-1","max-image-preview":"max-image-preview:large","max-video-preview":"max-video-preview:-1"},"canonical":"https:\/\/czerwonawalizka.com\/index.php\/wspolpraca\/","og_locale":"pl_PL","og_type":"article","og_title":"Wsp\u00f3\u0142praca - Dziewczyna z czerwon\u0105 walizk\u0105","og_description":"Blog o Czechach - wsp\u00f3\u0142praca","og_url":"https:\/\/czerwonawalizka.com\/index.php\/wspolpraca\/","og_site_name":"Dziewczyna z czerwon\u0105 walizk\u0105","article_modified_time":"2025-08-29T10:27:19+00:00","og_image":[{"width":810,"height":450,"url":"https:\/\/czerwonawalizka.com\/wp-content\/uploads\/2018\/05\/9.png","type":"image\/png"}],"twitter_card":"summary_large_image","twitter_misc":{"Szacowany czas czytania":"3 minuty"},"schema":{"@context":"https:\/\/schema.org","@graph":[{"@type":"WebPage","@id":"https:\/\/czerwonawalizka.com\/index.php\/wspolpraca\/","url":"https:\/\/czerwonawalizka.com\/index.php\/wspolpraca\/","name":"Wsp\u00f3\u0142praca - Dziewczyna z czerwon\u0105 walizk\u0105","isPartOf":{"@id":"https:\/\/czerwonawalizka.com\/#website"},"primaryImageOfPage":{"@id":"https:\/\/czerwonawalizka.com\/index.php\/wspolpraca\/#primaryimage"},"image":{"@id":"https:\/\/czerwonawalizka.com\/index.php\/wspolpraca\/#primaryimage"},"thumbnailUrl":"https:\/\/czerwonawalizka.com\/wp-content\/uploads\/2018\/05\/9.png","datePublished":"2017-06-18T20:10:15+00:00","dateModified":"2025-08-29T10:27:19+00:00","description":"Blog o Czechach - wsp\u00f3\u0142praca","breadcrumb":{"@id":"https:\/\/czerwonawalizka.com\/index.php\/wspolpraca\/#breadcrumb"},"inLanguage":"pl-PL","potentialAction":[{"@type":"ReadAction","target":["https:\/\/czerwonawalizka.com\/index.php\/wspolpraca\/"]}]},{"@type":"ImageObject","inLanguage":"pl-PL","@id":"https:\/\/czerwonawalizka.com\/index.php\/wspolpraca\/#primaryimage","url":"https:\/\/czerwonawalizka.com\/wp-content\/uploads\/2018\/05\/9.png","contentUrl":"https:\/\/czerwonawalizka.com\/wp-content\/uploads\/2018\/05\/9.png","width":810,"height":450,"caption":"Przewodnik po Czechach"},{"@type":"BreadcrumbList","@id":"https:\/\/czerwonawalizka.com\/index.php\/wspolpraca\/#breadcrumb","itemListElement":[{"@type":"ListItem","position":1,"name":"Home","item":"https:\/\/czerwonawalizka.com\/"},{"@type":"ListItem","position":2,"name":"Wsp\u00f3\u0142praca"}]},{"@type":"WebSite","@id":"https:\/\/czerwonawalizka.com\/#website","url":"https:\/\/czerwonawalizka.com\/","name":"Dziewczyna z czerwon\u0105 walizk\u0105","description":"Blog patchworkowy","publisher":{"@id":"https:\/\/czerwonawalizka.com\/#\/schema\/person\/ca9ae0ae7fc0f714249aaa234df8f5cc"},"potentialAction":[{"@type":"SearchAction","target":{"@type":"EntryPoint","urlTemplate":"https:\/\/czerwonawalizka.com\/?s={search_term_string}"},"query-input":{"@type":"PropertyValueSpecification","valueRequired":true,"valueName":"search_term_string"}}],"inLanguage":"pl-PL"},{"@type":["Person","Organization"],"@id":"https:\/\/czerwonawalizka.com\/#\/schema\/person\/ca9ae0ae7fc0f714249aaa234df8f5cc","name":"Marta","image":{"@type":"ImageObject","inLanguage":"pl-PL","@id":"https:\/\/czerwonawalizka.com\/#\/schema\/person\/image\/","url":"https:\/\/czerwonawalizka.com\/wp-content\/uploads\/2017\/06\/cropped-logo6-1.png","contentUrl":"https:\/\/czerwonawalizka.com\/wp-content\/uploads\/2017\/06\/cropped-logo6-1.png","width":1108,"height":480,"caption":"Marta"},"logo":{"@id":"https:\/\/czerwonawalizka.com\/#\/schema\/person\/image\/"},"sameAs":["http:\/\/www.czerwonawalizka.com"]}]}},"jetpack_sharing_enabled":true,"jetpack_shortlink":"https:\/\/wp.me\/P8RvtB-l5","jetpack_likes_enabled":false,"_links":{"self":[{"href":"https:\/\/czerwonawalizka.com\/index.php\/wp-json\/wp\/v2\/pages\/1307","targetHints":{"allow":["GET"]}}],"collection":[{"href":"https:\/\/czerwonawalizka.com\/index.php\/wp-json\/wp\/v2\/pages"}],"about":[{"href":"https:\/\/czerwonawalizka.com\/index.php\/wp-json\/wp\/v2\/types\/page"}],"author":[{"embeddable":true,"href":"https:\/\/czerwonawalizka.com\/index.php\/wp-json\/wp\/v2\/users\/2"}],"replies":[{"embeddable":true,"href":"https:\/\/czerwonawalizka.com\/index.php\/wp-json\/wp\/v2\/comments?post=1307"}],"version-history":[{"count":24,"href":"https:\/\/czerwonawalizka.com\/index.php\/wp-json\/wp\/v2\/pages\/1307\/revisions"}],"predecessor-version":[{"id":4985,"href":"https:\/\/czerwonawalizka.com\/index.php\/wp-json\/wp\/v2\/pages\/1307\/revisions\/4985"}],"wp:attachment":[{"href":"https:\/\/czerwonawalizka.com\/index.php\/wp-json\/wp\/v2\/media?parent=1307"}],"curies":[{"name":"wp","href":"https:\/\/api.w.org\/{rel}","templated":true}]}}