{"id":1262,"date":"2017-06-15T21:26:18","date_gmt":"2017-06-15T19:26:18","guid":{"rendered":"http:\/\/czerwonawalizka.com\/?page_id=1262"},"modified":"2017-07-12T18:55:00","modified_gmt":"2017-07-12T16:55:00","slug":"morawy","status":"publish","type":"page","link":"https:\/\/czerwonawalizka.com\/index.php\/morawy\/","title":{"rendered":"Morawy"},"content":{"rendered":"<p>Morawy to jeden z trzech historycznych region\u00f3w Czech, rozci\u0105gaj\u0105ca si\u0119 do po\u0142udniowej granicy Republiki, poprzez regiony Jihomoravsky, Zlinsky, Olomoucky, cz\u0119\u015b\u0107 Vysociny i Pardubicky oraz enklawy na Slezku. To wa\u017cny z historycznego punktu widzenia region, bowiem to w\u0142a\u015bnie na terenach Moraw rozwin\u0119\u0142o si\u0119 w IX i X w. pa\u0144stwo Wielkomorawskie \u2013 pierwsze pa\u0144stwo S\u0142owian Zachodnich.<\/p>\n<h2>Stolica Moraw &#8211; Brno<\/h2>\n<p>Dzisiejsz\u0105 stolic\u0105 Moraw jest Brno \u2013 po\u0142o\u017cone w samym centrum wojewodztwa Jihomoravskiego , drugie najwi\u0119ksze miasto Republiki. To miasto pe\u0142ne student\u00f3w i obcokrajowc\u00f3w stanowi centrum biznesowe dla wielu mi\u0119dzynarodowych firm i jest r\u00f3wnie\u017c do\u015b\u0107 popularn\u0105 turystyczn\u0105 destynacj\u0105. Nie mo\u017ce oczywi\u015bcie r\u00f3wna\u0107 si\u0119 z Prag\u0105 pod wzgl\u0119dem liczby odwiedzaj\u0105cych je turyst\u00f3w \u2013 ale to mo\u017ce i lepiej, gdy\u017c dzi\u0119ki temu \u0142atwiej jest tutaj pozna\u0107 faktycznych tubylc\u00f3w, a i zwiedza si\u0119 przyjemniej ni\u017c w t\u0142umie innych turyst\u00f3w. Brno posiada pi\u0119kn\u0105 i do\u015b\u0107 monumentaln\u0105 star\u00f3wk\u0119, kt\u00f3ra rozci\u0105ga si\u0119 na kilku dobrych kilometrach i obejmuje m. in. zamek Szpilberk na wzg\u00f3rzu oraz katedr\u0119 Piotra i Paw\u0142a. Po\u0142o\u017cone jest na kilku malowniczych wzg\u00f3rzach i mimo \u017ce wci\u0105\u017c wida\u0107 i czu\u0107 w nim czasem nut\u0119 s\u0142usznie minionej epoki <a href=\"http:\/\/czerwonawalizka.com\/index.php\/2017\/03\/04\/top-brna-dokad-warto-zawedrowac\/\" target=\"_blank\" rel=\"noopener\">posiada wiele uroczych zak\u0105tk\u00f3w<\/a>, kt\u00f3re s\u0105 tym bardziej tajemnicze, bo \u2013 nieznane.<\/p>\n<h2>Region winiarski<\/h2>\n<p>Na po\u0142udnie od Brna rozci\u0105gaj\u0105 si\u0119 najwi\u0119ksze obszary winiarskie Republiki: mikulowski, s\u0142owacki, wielkopawlowiski i znojemski. To tereny, kt\u00f3re wyr\u00f3\u017cnia klimat cieplejszy od reszty kraju, na kt\u00f3rych pojawiaj\u0105 si\u0119 wsz\u0119dobylskie winnice, a krajobraz o\u017cywiaj\u0105 bia\u0142e domeczki zdobione soczy\u015bcie b\u0142\u0119kitnym pasem oraz ludowymi kwiatowymi zdobieniami. Opowiadaj\u0105c o Po\u0142udniowej Morawie nie spos\u00f3b zapomnie\u0107 o winie \u2013 istotnym sk\u0142adniku morawskiej kultury, wok\u00f3\u0142 kt\u00f3rego toczy si\u0119 \u017cycie. Folklor jest tu bowiem wci\u0105\u017c \u017cywy i kultywowany przez wszystkie pokolenia, na przer\u00f3\u017cnych okazjach, a <a href=\"http:\/\/czerwonawalizka.com\/index.php\/2015\/10\/26\/iiiiia-czyli-hody-po-morawsku\/\" target=\"_blank\" rel=\"noopener\">przede wszystkim hodach<\/a>.<\/p>\n<h2>Morawski Kras<\/h2>\n<p>Tereny na p\u00f3\u0142noc od Brna to Morawski Kras, czyli najwi\u0119kszy region krasowy w Europie \u015arodkowo-Wschodniej, w kt\u00f3rym odnajdziemy ponad 1100 jaski\u0144 i urokliwe widoki na zielonych wzg\u00f3rzach. Mo\u017cna tutaj uda\u0107 si\u0119 na piesze w\u0119dr\u00f3wki, rowerowe wycieczki, a tak\u017ce pozwiedza\u0107 jaskinie: zar\u00f3wno pieszo, jak i w \u0142\u00f3dce, chocia\u017cby w tej najs\u0142ynniejszej, <a href=\"http:\/\/www.moravskykras.net\/pl\/morawski-kras.html\" target=\"_blank\" rel=\"noopener\">Jasinki Punkevni, dzi\u0119ki kt\u00f3rej mo\u017cna dosta\u0107 si\u0119 do Przepa\u015bci Macocha.<\/a><\/p>\n<h2>Historyczne Morawy<\/h2>\n<p>Je\u015bli natomiast kto\u015b mia\u0142by ochot\u0119 na odrobin\u0119 historii, to Po\u0142udniowe Morawy maj\u0105 sporo do zaoferowania r\u00f3wnie\u017c i pod tym wzgl\u0119dem, bo to w\u0142a\u015bnie tutaj odby\u0142a si\u0119 s\u0142ynna bitwa trzech cesarzy pod Austerlitz, czyli pod czeskim Slavkovem. A\u017c do 1938 Morawy by\u0142y g\u0142\u00f3wn\u0105 siedzib\u0105 rodu Lichtenstein \u2013 ich rezydencje mo\u017cemy podziwia\u0107 do dzisiaj \u2013 to pa\u0142ace Lednice i Valtice. Tutaj te\u017c znajduje si\u0119 rodzinny grobowiec tego s\u0142ynnego rodu \u2013 we Vranovie pod Brnem.<\/p>\n<p>Warte obejrzenia s\u0105 r\u00f3wnie\u017c inne zamki i pa\u0142ace \u2013 cho\u0107by Pernstejn, Veveri, Bouzov czy Vranov nad Dyji, a tak\u017ce morawskie miasta jak O\u0142omuniec czy Znojmo.<\/p>\n<p>Podsumowuj\u0105c \u2013 region nietypowy, jak na Czechy, z kr\u00f3luj\u0105cym winem zamiast piwa, a jednak du\u017co \u0142atwiej w nim pozna\u0107 tubylc\u00f3w ni\u017c np. w zat\u0142oczonej Pradze.<\/p>\n","protected":false},"excerpt":{"rendered":"<p>Morawy to jeden z trzech historycznych region\u00f3w Czech, rozci\u0105gaj\u0105ca si\u0119 do po\u0142udniowej granicy Republiki, poprzez regiony Jihomoravsky, Zlinsky, Olomoucky, cz\u0119\u015b\u0107 Vysociny i Pardubicky oraz enklawy na Slezku. To wa\u017cny z historycznego punktu widzenia region, bowiem to w\u0142a\u015bnie na terenach Moraw rozwin\u0119\u0142o si\u0119 w IX i X w. pa\u0144stwo Wielkomorawskie \u2013 pierwsze pa\u0144stwo S\u0142owian Zachodnich. Stolica&hellip; <a class=\"more-link\" href=\"https:\/\/czerwonawalizka.com\/index.php\/morawy\/\">Read More <span class=\"screen-reader-text\">Morawy<\/span><\/a><\/p>\n","protected":false},"author":1,"featured_media":0,"parent":0,"menu_order":0,"comment_status":"closed","ping_status":"closed","template":"","meta":{"jetpack_post_was_ever_published":false,"footnotes":""},"class_list":["post-1262","page","type-page","status-publish","hentry"],"yoast_head":"<!-- This site is optimized with the Yoast SEO plugin v27.0 - https:\/\/yoast.com\/product\/yoast-seo-wordpress\/ -->\n<title>Morawy - Dziewczyna z czerwon\u0105 walizk\u0105<\/title>\n<meta name=\"description\" content=\"Morawy to jeden z trzech historycznych region\u00f3w Czech, pe\u0142en s\u0142o\u0144ca, winnic, zamk\u00f3w i smak\u00f3w tradycyjnej czeskiej kuchni.\" \/>\n<meta name=\"robots\" content=\"index, follow, max-snippet:-1, max-image-preview:large, max-video-preview:-1\" \/>\n<link rel=\"canonical\" href=\"https:\/\/czerwonawalizka.com\/index.php\/morawy\/\" \/>\n<meta property=\"og:locale\" content=\"pl_PL\" \/>\n<meta property=\"og:type\" content=\"article\" \/>\n<meta property=\"og:title\" content=\"Morawy - Dziewczyna z czerwon\u0105 walizk\u0105\" \/>\n<meta property=\"og:description\" content=\"Morawy to jeden z trzech historycznych region\u00f3w Czech, pe\u0142en s\u0142o\u0144ca, winnic, zamk\u00f3w i smak\u00f3w tradycyjnej czeskiej kuchni.\" \/>\n<meta property=\"og:url\" content=\"https:\/\/czerwonawalizka.com\/index.php\/morawy\/\" \/>\n<meta property=\"og:site_name\" content=\"Dziewczyna z czerwon\u0105 walizk\u0105\" \/>\n<meta property=\"article:modified_time\" content=\"2017-07-12T16:55:00+00:00\" \/>\n<meta name=\"twitter:card\" content=\"summary_large_image\" \/>\n<meta name=\"twitter:label1\" content=\"Szacowany czas czytania\" \/>\n\t<meta name=\"twitter:data1\" content=\"3 minuty\" \/>\n<script type=\"application\/ld+json\" class=\"yoast-schema-graph\">{\"@context\":\"https:\/\/schema.org\",\"@graph\":[{\"@type\":\"WebPage\",\"@id\":\"https:\/\/czerwonawalizka.com\/index.php\/morawy\/\",\"url\":\"https:\/\/czerwonawalizka.com\/index.php\/morawy\/\",\"name\":\"Morawy - Dziewczyna z czerwon\u0105 walizk\u0105\",\"isPartOf\":{\"@id\":\"https:\/\/czerwonawalizka.com\/#website\"},\"datePublished\":\"2017-06-15T19:26:18+00:00\",\"dateModified\":\"2017-07-12T16:55:00+00:00\",\"description\":\"Morawy to jeden z trzech historycznych region\u00f3w Czech, pe\u0142en s\u0142o\u0144ca, winnic, zamk\u00f3w i smak\u00f3w tradycyjnej czeskiej kuchni.\",\"breadcrumb\":{\"@id\":\"https:\/\/czerwonawalizka.com\/index.php\/morawy\/#breadcrumb\"},\"inLanguage\":\"pl-PL\",\"potentialAction\":[{\"@type\":\"ReadAction\",\"target\":[\"https:\/\/czerwonawalizka.com\/index.php\/morawy\/\"]}]},{\"@type\":\"BreadcrumbList\",\"@id\":\"https:\/\/czerwonawalizka.com\/index.php\/morawy\/#breadcrumb\",\"itemListElement\":[{\"@type\":\"ListItem\",\"position\":1,\"name\":\"Home\",\"item\":\"https:\/\/czerwonawalizka.com\/\"},{\"@type\":\"ListItem\",\"position\":2,\"name\":\"Morawy\"}]},{\"@type\":\"WebSite\",\"@id\":\"https:\/\/czerwonawalizka.com\/#website\",\"url\":\"https:\/\/czerwonawalizka.com\/\",\"name\":\"Dziewczyna z czerwon\u0105 walizk\u0105\",\"description\":\"Blog patchworkowy\",\"publisher\":{\"@id\":\"https:\/\/czerwonawalizka.com\/#\/schema\/person\/ca9ae0ae7fc0f714249aaa234df8f5cc\"},\"potentialAction\":[{\"@type\":\"SearchAction\",\"target\":{\"@type\":\"EntryPoint\",\"urlTemplate\":\"https:\/\/czerwonawalizka.com\/?s={search_term_string}\"},\"query-input\":{\"@type\":\"PropertyValueSpecification\",\"valueRequired\":true,\"valueName\":\"search_term_string\"}}],\"inLanguage\":\"pl-PL\"},{\"@type\":[\"Person\",\"Organization\"],\"@id\":\"https:\/\/czerwonawalizka.com\/#\/schema\/person\/ca9ae0ae7fc0f714249aaa234df8f5cc\",\"name\":\"Marta\",\"image\":{\"@type\":\"ImageObject\",\"inLanguage\":\"pl-PL\",\"@id\":\"https:\/\/czerwonawalizka.com\/#\/schema\/person\/image\/\",\"url\":\"https:\/\/czerwonawalizka.com\/wp-content\/uploads\/2017\/06\/cropped-logo6-1.png\",\"contentUrl\":\"https:\/\/czerwonawalizka.com\/wp-content\/uploads\/2017\/06\/cropped-logo6-1.png\",\"width\":1108,\"height\":480,\"caption\":\"Marta\"},\"logo\":{\"@id\":\"https:\/\/czerwonawalizka.com\/#\/schema\/person\/image\/\"},\"sameAs\":[\"http:\/\/www.czerwonawalizka.com\"]}]}<\/script>\n<!-- \/ Yoast SEO plugin. -->","yoast_head_json":{"title":"Morawy - Dziewczyna z czerwon\u0105 walizk\u0105","description":"Morawy to jeden z trzech historycznych region\u00f3w Czech, pe\u0142en s\u0142o\u0144ca, winnic, zamk\u00f3w i smak\u00f3w tradycyjnej czeskiej kuchni.","robots":{"index":"index","follow":"follow","max-snippet":"max-snippet:-1","max-image-preview":"max-image-preview:large","max-video-preview":"max-video-preview:-1"},"canonical":"https:\/\/czerwonawalizka.com\/index.php\/morawy\/","og_locale":"pl_PL","og_type":"article","og_title":"Morawy - Dziewczyna z czerwon\u0105 walizk\u0105","og_description":"Morawy to jeden z trzech historycznych region\u00f3w Czech, pe\u0142en s\u0142o\u0144ca, winnic, zamk\u00f3w i smak\u00f3w tradycyjnej czeskiej kuchni.","og_url":"https:\/\/czerwonawalizka.com\/index.php\/morawy\/","og_site_name":"Dziewczyna z czerwon\u0105 walizk\u0105","article_modified_time":"2017-07-12T16:55:00+00:00","twitter_card":"summary_large_image","twitter_misc":{"Szacowany czas czytania":"3 minuty"},"schema":{"@context":"https:\/\/schema.org","@graph":[{"@type":"WebPage","@id":"https:\/\/czerwonawalizka.com\/index.php\/morawy\/","url":"https:\/\/czerwonawalizka.com\/index.php\/morawy\/","name":"Morawy - Dziewczyna z czerwon\u0105 walizk\u0105","isPartOf":{"@id":"https:\/\/czerwonawalizka.com\/#website"},"datePublished":"2017-06-15T19:26:18+00:00","dateModified":"2017-07-12T16:55:00+00:00","description":"Morawy to jeden z trzech historycznych region\u00f3w Czech, pe\u0142en s\u0142o\u0144ca, winnic, zamk\u00f3w i smak\u00f3w tradycyjnej czeskiej kuchni.","breadcrumb":{"@id":"https:\/\/czerwonawalizka.com\/index.php\/morawy\/#breadcrumb"},"inLanguage":"pl-PL","potentialAction":[{"@type":"ReadAction","target":["https:\/\/czerwonawalizka.com\/index.php\/morawy\/"]}]},{"@type":"BreadcrumbList","@id":"https:\/\/czerwonawalizka.com\/index.php\/morawy\/#breadcrumb","itemListElement":[{"@type":"ListItem","position":1,"name":"Home","item":"https:\/\/czerwonawalizka.com\/"},{"@type":"ListItem","position":2,"name":"Morawy"}]},{"@type":"WebSite","@id":"https:\/\/czerwonawalizka.com\/#website","url":"https:\/\/czerwonawalizka.com\/","name":"Dziewczyna z czerwon\u0105 walizk\u0105","description":"Blog patchworkowy","publisher":{"@id":"https:\/\/czerwonawalizka.com\/#\/schema\/person\/ca9ae0ae7fc0f714249aaa234df8f5cc"},"potentialAction":[{"@type":"SearchAction","target":{"@type":"EntryPoint","urlTemplate":"https:\/\/czerwonawalizka.com\/?s={search_term_string}"},"query-input":{"@type":"PropertyValueSpecification","valueRequired":true,"valueName":"search_term_string"}}],"inLanguage":"pl-PL"},{"@type":["Person","Organization"],"@id":"https:\/\/czerwonawalizka.com\/#\/schema\/person\/ca9ae0ae7fc0f714249aaa234df8f5cc","name":"Marta","image":{"@type":"ImageObject","inLanguage":"pl-PL","@id":"https:\/\/czerwonawalizka.com\/#\/schema\/person\/image\/","url":"https:\/\/czerwonawalizka.com\/wp-content\/uploads\/2017\/06\/cropped-logo6-1.png","contentUrl":"https:\/\/czerwonawalizka.com\/wp-content\/uploads\/2017\/06\/cropped-logo6-1.png","width":1108,"height":480,"caption":"Marta"},"logo":{"@id":"https:\/\/czerwonawalizka.com\/#\/schema\/person\/image\/"},"sameAs":["http:\/\/www.czerwonawalizka.com"]}]}},"jetpack_sharing_enabled":true,"jetpack_shortlink":"https:\/\/wp.me\/P8RvtB-km","jetpack_likes_enabled":false,"_links":{"self":[{"href":"https:\/\/czerwonawalizka.com\/index.php\/wp-json\/wp\/v2\/pages\/1262","targetHints":{"allow":["GET"]}}],"collection":[{"href":"https:\/\/czerwonawalizka.com\/index.php\/wp-json\/wp\/v2\/pages"}],"about":[{"href":"https:\/\/czerwonawalizka.com\/index.php\/wp-json\/wp\/v2\/types\/page"}],"author":[{"embeddable":true,"href":"https:\/\/czerwonawalizka.com\/index.php\/wp-json\/wp\/v2\/users\/1"}],"replies":[{"embeddable":true,"href":"https:\/\/czerwonawalizka.com\/index.php\/wp-json\/wp\/v2\/comments?post=1262"}],"version-history":[{"count":0,"href":"https:\/\/czerwonawalizka.com\/index.php\/wp-json\/wp\/v2\/pages\/1262\/revisions"}],"wp:attachment":[{"href":"https:\/\/czerwonawalizka.com\/index.php\/wp-json\/wp\/v2\/media?parent=1262"}],"curies":[{"name":"wp","href":"https:\/\/api.w.org\/{rel}","templated":true}]}}