{"id":1180,"date":"2017-06-11T23:08:19","date_gmt":"2017-06-11T21:08:19","guid":{"rendered":"http:\/\/czerwonawalizka.com\/?page_id=1180"},"modified":"2022-01-06T12:31:19","modified_gmt":"2022-01-06T11:31:19","slug":"o-blogu","status":"publish","type":"page","link":"https:\/\/czerwonawalizka.com\/index.php\/o-blogu\/","title":{"rendered":"O blogu"},"content":{"rendered":"<p>Je\u015bli szykujesz si\u0119 na wypraw\u0119 do Czech i nie wiesz, od czego zacz\u0105\u0107, a w Twojej g\u0142owie pojawia si\u0119 seria pyta\u0144: czym tam w\u0142a\u015bciwie p\u0142ac\u0105? co jedz\u0105? czego si\u0119 napi\u0107? gdzie mog\u0119 spa\u0107? &#8211; to trafi\u0142@\u015b w odpowiednie miejsce! Poni\u017cej blog &#8211; przewodnik po Czechach w formie on-line, kt\u00f3ry powinien zaopatrzy\u0107 Ci\u0119 w niezb\u0119dn\u0105 wiedz\u0119, by w Republice Czeskiej nie da\u0107 si\u0119 przygnie\u015b\u0107 tonie knedlik\u00f3w, utopi\u0107 w morzu piwa albo straci\u0107 fortuny na pami\u0105tkach kupowanych na Mo\u015bcie Karola.<\/p>\n<h2>Podr\u00f3\u017ce do Czech<\/h2>\n<p>Blog powsta\u0142 z prostej potrzeby relacjonowania moich nieko\u0144cz\u0105cych si\u0119 podr\u00f3\u017cy do Czech. Jego pierwsza wersja postawiona by\u0142a jeszcze na jednej z darmowym platform dobrych siedem lat temu i wygl\u0105da\u0142a tak, jak wiele \u00f3wczesnych nieprofesjonalnych blog\u00f3w prowadzonych dla czystego funu jego pisania. Wiele si\u0119 w tym czasie zmieni\u0142o \u2013 artyku\u0142y z kr\u00f3tkich i niepowa\u017cnych tekst\u00f3w zmieni\u0142y si\u0119 w d\u0142ugie i (raczej) niepowa\u017cne, a ja sama do Czech si\u0119 przeprowadzi\u0142am. Wszystko za spraw\u0105 mojego osobistego Czecha, kt\u00f3ry za Czechami lobbowa\u0142 od pierwszych chwil naszej znajomo\u015bci.<\/p>\n<p>I nie mog\u0119 go za to wini\u0107. Czechy to wspania\u0142y kraj, kt\u00f3ry pokocha\u0142am niemal tak jak w\u0142asny. Dzi\u015b jestem szcz\u0119\u015bliw\u0105 mieszkank\u0105 Brna i z zapa\u0142em godnym uporu zwiedzam jego zak\u0105tki w niemal ka\u017cdej wolnej chwili. Blog sta\u0142 si\u0119 miejscem, w kt\u00f3rym publikuj\u0119 inspiracje podr\u00f3\u017cnicze (przede wszystkim te czeskie, chocia\u017c kilka europejskich te\u017c si\u0119 pojawi\u0142o) oraz opowiadam o \u017cyciu w Czechach. Moim i tym polskim \u2013 bo po serii artyku\u0142\u00f3w o emigracji, kt\u00f3re wywindowa\u0142y jego popularno\u015b\u0107, postanowi\u0142am o \u017cyciu polskiej emigrantki w Czechach napisa\u0107 e-booka. Du\u017co w nim moich osobistych wra\u017ce\u0144 z czeskiej rzeczywisto\u015bci i jeszcze wi\u0119cej praktycznych wskaz\u00f3wek na temat tego, jak w Czechach zamieszka\u0107. <a href=\"https:\/\/mailchi.mp\/6d7bfd34f639\/przewodnik-po-czechach-emigracja-3\" target=\"_blank\" rel=\"noopener\">Szczeg\u00f3\u0142y znajdziecie tutaj.<\/a><\/p>\n<h2>Co czeskiego na blogu<\/h2>\n<p>Na blogu znajdziecie kilka sekcji tematycznych \u2013 trzy g\u0142\u00f3wne o Czechach i dwa poboczne:<\/p>\n<ul>\n<li><strong><a href=\"https:\/\/czerwonawalizka.com\/index.php\/category\/czeska-kultura\/\" target=\"_blank\" rel=\"noopener\">Czeska kultura<\/a> <\/strong>\u2013 wszystko o j\u0119zyku, kulturze, kuchni, internecie i spo\u0142ecze\u0144stwie w Czechach. Tutaj znajdziecie teksty po polityce, czeskich zwyczajach, \u015bwi\u0119tach, \u015bmiesznostkach, daniach, napojach, tw\u00f3rcach. Po prostu wszystko, co czeskie i co lubicie.<\/li>\n<li><strong><a href=\"https:\/\/czerwonawalizka.com\/index.php\/category\/emigracja-w-czechach\/\" target=\"_blank\" rel=\"noopener\">Emigracja w Czechach<\/a><\/strong> \u2013 moje do\u015bwiadczenia polskiej emigrantki w Czechach. Tematy bardzo praktyczne (szukanie mieszkania, pracy, formalno\u015bci po przyje\u017adzie, rejestracja auta itp.), jak i bardziej refleksyjne (jak to jest wyprowadzi\u0107 si\u0119 z w\u0142asnego kraju, szok kulturowy, co emigracja mi da\u0142a). Ma\u0142y elementarz dla ka\u017cdego, kto powa\u017cnie my\u015bli o wyprowadzce na sta\u0142e do Czech. Oczywi\u015bcie to tylko przedsmak tego, co w e-booku.<\/li>\n<li><a href=\"https:\/\/czerwonawalizka.com\/index.php\/category\/urlop\/\" target=\"_blank\" rel=\"noopener\"><strong>Urlop<\/strong><\/a> \u2013 czyli podr\u00f3\u017cowanie po Czechach. To kategoria bardzo szeroka, podzieli\u0142am j\u0105 na dwie pomniejsze: czyli weekend w Czechach (tutaj publikacje propozycji kilkudniowych wycieczek w ca\u0142ej Republice) oraz jak Czechy zwiedza\u0107 najlepiej (czyli jak szuka\u0107 noclegu, na co zwr\u00f3ci\u0107 uwag\u0119 w trakcie podr\u00f3\u017cy, co je\u015b\u0107, jak zwiedza\u0107 aktywnie np. rowerem, kajakiem itp.). Dla wszystkich, kt\u00f3rzy planuj\u0105 urlop w Czechach.<\/li>\n<\/ul>\n<h2>Co innego na blogu<\/h2>\n<p>Opr\u00f3cz g\u0142\u00f3wnych kategorii czeskich doda\u0142am te\u017c jedn\u0105, zupe\u0142nie inn\u0105, kt\u00f3re wi\u0105\u017ce si\u0119 po prostu z tym, kim jestem \u2013 to <em>My\u015blodsiewnia<\/em>, a w niej posty o tematyce podr\u00f3\u017cniczej, feministycznej, a tak\u017ce tek\u015bciki zwi\u0105zane z moim miniprojektem <em>Bez pami\u0119ci<\/em> \u2013 czyli kr\u00f3tkie opowiadanka i historie rodzinne, w kt\u00f3rych pr\u00f3buj\u0119 zatrzyma\u0107 up\u0142ywaj\u0105cy czas.<\/p>\n<p>Poznawanie mentalno\u015bci ludzi bywa niebanalnym sk\u0142adnikiem podr\u00f3\u017cy. Zazwyczaj wyruszam w drog\u0119 z walizk\u0105 pe\u0142n\u0105 wyobra\u017ce\u0144 o miejscu i ludziach mojej destynacji, a potem nierzadko szybko musz\u0119 wyrzuci\u0107 do kosza jej ca\u0142\u0105 zawarto\u015b\u0107. Nieoczekiwane odkrycia, zaskoczenia i zdziwienia ucz\u0105 mnie otwarto\u015bci na innych, ale te\u017c ka\u017c\u0105 krytycznie spojrze\u0107 na siebie i w\u0142asny kraj. To chyba najcenniejsza lekcja, jak\u0105 przywo\u017c\u0119 ze sob\u0105 po ka\u017cdej podr\u00f3\u017cy, kiedy czerwon\u0105 walizk\u0119 chowam z powrotem za szaf\u0119.<\/p>\n<p>Je\u015bli czujecie si\u0119 zaintrygowani \u2013 zapraszam do odkrywania moich czeskich i nie-czeskich spostrze\u017ce\u0144. Do us\u0142yszenia!<\/p>\n<p>M.<\/p>\n","protected":false},"excerpt":{"rendered":"<p>Je\u015bli szykujesz si\u0119 na wypraw\u0119 do Czech i nie wiesz, od czego zacz\u0105\u0107, a w Twojej g\u0142owie pojawia si\u0119 seria pyta\u0144: czym tam w\u0142a\u015bciwie p\u0142ac\u0105? co jedz\u0105? czego si\u0119 napi\u0107? gdzie mog\u0119 spa\u0107? &#8211; to trafi\u0142@\u015b w odpowiednie miejsce! Poni\u017cej blog &#8211; przewodnik po Czechach w formie on-line, kt\u00f3ry powinien zaopatrzy\u0107 Ci\u0119 w niezb\u0119dn\u0105 wiedz\u0119,&hellip; <a class=\"more-link\" href=\"https:\/\/czerwonawalizka.com\/index.php\/o-blogu\/\">Read More <span class=\"screen-reader-text\">O blogu<\/span><\/a><\/p>\n","protected":false},"author":1,"featured_media":76,"parent":0,"menu_order":0,"comment_status":"closed","ping_status":"closed","template":"nosidebar-page.php","meta":{"jetpack_post_was_ever_published":false,"footnotes":""},"class_list":["post-1180","page","type-page","status-publish","has-post-thumbnail","hentry"],"yoast_head":"<!-- This site is optimized with the Yoast SEO plugin v27.0 - https:\/\/yoast.com\/product\/yoast-seo-wordpress\/ -->\n<title>O blogu - Dziewczyna z czerwon\u0105 walizk\u0105<\/title>\n<meta name=\"description\" content=\"Je\u015bli szukasz informacji na temat Republiki Czeskiej, to przed Tob\u0105 przewonik po Czechach w formie on-line - znajdziesz tu ciekawostki, praktyczne wskaz\u00f3wki i trasy - propozycje urlopowe.\" \/>\n<meta name=\"robots\" content=\"index, follow, max-snippet:-1, max-image-preview:large, max-video-preview:-1\" \/>\n<link rel=\"canonical\" href=\"https:\/\/czerwonawalizka.com\/index.php\/o-blogu\/\" \/>\n<meta property=\"og:locale\" content=\"pl_PL\" \/>\n<meta property=\"og:type\" content=\"article\" \/>\n<meta property=\"og:title\" content=\"O blogu - Dziewczyna z czerwon\u0105 walizk\u0105\" \/>\n<meta property=\"og:description\" content=\"Je\u015bli szukasz informacji na temat Republiki Czeskiej, to przed Tob\u0105 przewonik po Czechach w formie on-line - znajdziesz tu ciekawostki, praktyczne wskaz\u00f3wki i trasy - propozycje urlopowe.\" \/>\n<meta property=\"og:url\" content=\"https:\/\/czerwonawalizka.com\/index.php\/o-blogu\/\" \/>\n<meta property=\"og:site_name\" content=\"Dziewczyna z czerwon\u0105 walizk\u0105\" \/>\n<meta property=\"article:modified_time\" content=\"2022-01-06T11:31:19+00:00\" \/>\n<meta property=\"og:image\" content=\"https:\/\/czerwonawalizka.com\/wp-content\/uploads\/2015\/09\/20150816_153059.jpg\" \/>\n\t<meta property=\"og:image:width\" content=\"2048\" \/>\n\t<meta property=\"og:image:height\" content=\"1229\" \/>\n\t<meta property=\"og:image:type\" content=\"image\/jpeg\" \/>\n<meta name=\"twitter:card\" content=\"summary_large_image\" \/>\n<meta name=\"twitter:label1\" content=\"Szacowany czas czytania\" \/>\n\t<meta name=\"twitter:data1\" content=\"4 minuty\" \/>\n<script type=\"application\/ld+json\" class=\"yoast-schema-graph\">{\"@context\":\"https:\/\/schema.org\",\"@graph\":[{\"@type\":\"WebPage\",\"@id\":\"https:\/\/czerwonawalizka.com\/index.php\/o-blogu\/\",\"url\":\"https:\/\/czerwonawalizka.com\/index.php\/o-blogu\/\",\"name\":\"O blogu - Dziewczyna z czerwon\u0105 walizk\u0105\",\"isPartOf\":{\"@id\":\"https:\/\/czerwonawalizka.com\/#website\"},\"primaryImageOfPage\":{\"@id\":\"https:\/\/czerwonawalizka.com\/index.php\/o-blogu\/#primaryimage\"},\"image\":{\"@id\":\"https:\/\/czerwonawalizka.com\/index.php\/o-blogu\/#primaryimage\"},\"thumbnailUrl\":\"https:\/\/czerwonawalizka.com\/wp-content\/uploads\/2015\/09\/20150816_153059.jpg\",\"datePublished\":\"2017-06-11T21:08:19+00:00\",\"dateModified\":\"2022-01-06T11:31:19+00:00\",\"description\":\"Je\u015bli szukasz informacji na temat Republiki Czeskiej, to przed Tob\u0105 przewonik po Czechach w formie on-line - znajdziesz tu ciekawostki, praktyczne wskaz\u00f3wki i trasy - propozycje urlopowe.\",\"breadcrumb\":{\"@id\":\"https:\/\/czerwonawalizka.com\/index.php\/o-blogu\/#breadcrumb\"},\"inLanguage\":\"pl-PL\",\"potentialAction\":[{\"@type\":\"ReadAction\",\"target\":[\"https:\/\/czerwonawalizka.com\/index.php\/o-blogu\/\"]}]},{\"@type\":\"ImageObject\",\"inLanguage\":\"pl-PL\",\"@id\":\"https:\/\/czerwonawalizka.com\/index.php\/o-blogu\/#primaryimage\",\"url\":\"https:\/\/czerwonawalizka.com\/wp-content\/uploads\/2015\/09\/20150816_153059.jpg\",\"contentUrl\":\"https:\/\/czerwonawalizka.com\/wp-content\/uploads\/2015\/09\/20150816_153059.jpg\",\"width\":2048,\"height\":1229},{\"@type\":\"BreadcrumbList\",\"@id\":\"https:\/\/czerwonawalizka.com\/index.php\/o-blogu\/#breadcrumb\",\"itemListElement\":[{\"@type\":\"ListItem\",\"position\":1,\"name\":\"Home\",\"item\":\"https:\/\/czerwonawalizka.com\/\"},{\"@type\":\"ListItem\",\"position\":2,\"name\":\"O blogu\"}]},{\"@type\":\"WebSite\",\"@id\":\"https:\/\/czerwonawalizka.com\/#website\",\"url\":\"https:\/\/czerwonawalizka.com\/\",\"name\":\"Dziewczyna z czerwon\u0105 walizk\u0105\",\"description\":\"Blog patchworkowy\",\"publisher\":{\"@id\":\"https:\/\/czerwonawalizka.com\/#\/schema\/person\/ca9ae0ae7fc0f714249aaa234df8f5cc\"},\"potentialAction\":[{\"@type\":\"SearchAction\",\"target\":{\"@type\":\"EntryPoint\",\"urlTemplate\":\"https:\/\/czerwonawalizka.com\/?s={search_term_string}\"},\"query-input\":{\"@type\":\"PropertyValueSpecification\",\"valueRequired\":true,\"valueName\":\"search_term_string\"}}],\"inLanguage\":\"pl-PL\"},{\"@type\":[\"Person\",\"Organization\"],\"@id\":\"https:\/\/czerwonawalizka.com\/#\/schema\/person\/ca9ae0ae7fc0f714249aaa234df8f5cc\",\"name\":\"Marta\",\"image\":{\"@type\":\"ImageObject\",\"inLanguage\":\"pl-PL\",\"@id\":\"https:\/\/czerwonawalizka.com\/#\/schema\/person\/image\/\",\"url\":\"https:\/\/czerwonawalizka.com\/wp-content\/uploads\/2017\/06\/cropped-logo6-1.png\",\"contentUrl\":\"https:\/\/czerwonawalizka.com\/wp-content\/uploads\/2017\/06\/cropped-logo6-1.png\",\"width\":1108,\"height\":480,\"caption\":\"Marta\"},\"logo\":{\"@id\":\"https:\/\/czerwonawalizka.com\/#\/schema\/person\/image\/\"},\"sameAs\":[\"http:\/\/www.czerwonawalizka.com\"]}]}<\/script>\n<!-- \/ Yoast SEO plugin. -->","yoast_head_json":{"title":"O blogu - Dziewczyna z czerwon\u0105 walizk\u0105","description":"Je\u015bli szukasz informacji na temat Republiki Czeskiej, to przed Tob\u0105 przewonik po Czechach w formie on-line - znajdziesz tu ciekawostki, praktyczne wskaz\u00f3wki i trasy - propozycje urlopowe.","robots":{"index":"index","follow":"follow","max-snippet":"max-snippet:-1","max-image-preview":"max-image-preview:large","max-video-preview":"max-video-preview:-1"},"canonical":"https:\/\/czerwonawalizka.com\/index.php\/o-blogu\/","og_locale":"pl_PL","og_type":"article","og_title":"O blogu - Dziewczyna z czerwon\u0105 walizk\u0105","og_description":"Je\u015bli szukasz informacji na temat Republiki Czeskiej, to przed Tob\u0105 przewonik po Czechach w formie on-line - znajdziesz tu ciekawostki, praktyczne wskaz\u00f3wki i trasy - propozycje urlopowe.","og_url":"https:\/\/czerwonawalizka.com\/index.php\/o-blogu\/","og_site_name":"Dziewczyna z czerwon\u0105 walizk\u0105","article_modified_time":"2022-01-06T11:31:19+00:00","og_image":[{"width":2048,"height":1229,"url":"https:\/\/czerwonawalizka.com\/wp-content\/uploads\/2015\/09\/20150816_153059.jpg","type":"image\/jpeg"}],"twitter_card":"summary_large_image","twitter_misc":{"Szacowany czas czytania":"4 minuty"},"schema":{"@context":"https:\/\/schema.org","@graph":[{"@type":"WebPage","@id":"https:\/\/czerwonawalizka.com\/index.php\/o-blogu\/","url":"https:\/\/czerwonawalizka.com\/index.php\/o-blogu\/","name":"O blogu - Dziewczyna z czerwon\u0105 walizk\u0105","isPartOf":{"@id":"https:\/\/czerwonawalizka.com\/#website"},"primaryImageOfPage":{"@id":"https:\/\/czerwonawalizka.com\/index.php\/o-blogu\/#primaryimage"},"image":{"@id":"https:\/\/czerwonawalizka.com\/index.php\/o-blogu\/#primaryimage"},"thumbnailUrl":"https:\/\/czerwonawalizka.com\/wp-content\/uploads\/2015\/09\/20150816_153059.jpg","datePublished":"2017-06-11T21:08:19+00:00","dateModified":"2022-01-06T11:31:19+00:00","description":"Je\u015bli szukasz informacji na temat Republiki Czeskiej, to przed Tob\u0105 przewonik po Czechach w formie on-line - znajdziesz tu ciekawostki, praktyczne wskaz\u00f3wki i trasy - propozycje urlopowe.","breadcrumb":{"@id":"https:\/\/czerwonawalizka.com\/index.php\/o-blogu\/#breadcrumb"},"inLanguage":"pl-PL","potentialAction":[{"@type":"ReadAction","target":["https:\/\/czerwonawalizka.com\/index.php\/o-blogu\/"]}]},{"@type":"ImageObject","inLanguage":"pl-PL","@id":"https:\/\/czerwonawalizka.com\/index.php\/o-blogu\/#primaryimage","url":"https:\/\/czerwonawalizka.com\/wp-content\/uploads\/2015\/09\/20150816_153059.jpg","contentUrl":"https:\/\/czerwonawalizka.com\/wp-content\/uploads\/2015\/09\/20150816_153059.jpg","width":2048,"height":1229},{"@type":"BreadcrumbList","@id":"https:\/\/czerwonawalizka.com\/index.php\/o-blogu\/#breadcrumb","itemListElement":[{"@type":"ListItem","position":1,"name":"Home","item":"https:\/\/czerwonawalizka.com\/"},{"@type":"ListItem","position":2,"name":"O blogu"}]},{"@type":"WebSite","@id":"https:\/\/czerwonawalizka.com\/#website","url":"https:\/\/czerwonawalizka.com\/","name":"Dziewczyna z czerwon\u0105 walizk\u0105","description":"Blog patchworkowy","publisher":{"@id":"https:\/\/czerwonawalizka.com\/#\/schema\/person\/ca9ae0ae7fc0f714249aaa234df8f5cc"},"potentialAction":[{"@type":"SearchAction","target":{"@type":"EntryPoint","urlTemplate":"https:\/\/czerwonawalizka.com\/?s={search_term_string}"},"query-input":{"@type":"PropertyValueSpecification","valueRequired":true,"valueName":"search_term_string"}}],"inLanguage":"pl-PL"},{"@type":["Person","Organization"],"@id":"https:\/\/czerwonawalizka.com\/#\/schema\/person\/ca9ae0ae7fc0f714249aaa234df8f5cc","name":"Marta","image":{"@type":"ImageObject","inLanguage":"pl-PL","@id":"https:\/\/czerwonawalizka.com\/#\/schema\/person\/image\/","url":"https:\/\/czerwonawalizka.com\/wp-content\/uploads\/2017\/06\/cropped-logo6-1.png","contentUrl":"https:\/\/czerwonawalizka.com\/wp-content\/uploads\/2017\/06\/cropped-logo6-1.png","width":1108,"height":480,"caption":"Marta"},"logo":{"@id":"https:\/\/czerwonawalizka.com\/#\/schema\/person\/image\/"},"sameAs":["http:\/\/www.czerwonawalizka.com"]}]}},"jetpack_sharing_enabled":true,"jetpack_shortlink":"https:\/\/wp.me\/P8RvtB-j2","jetpack_likes_enabled":false,"_links":{"self":[{"href":"https:\/\/czerwonawalizka.com\/index.php\/wp-json\/wp\/v2\/pages\/1180","targetHints":{"allow":["GET"]}}],"collection":[{"href":"https:\/\/czerwonawalizka.com\/index.php\/wp-json\/wp\/v2\/pages"}],"about":[{"href":"https:\/\/czerwonawalizka.com\/index.php\/wp-json\/wp\/v2\/types\/page"}],"author":[{"embeddable":true,"href":"https:\/\/czerwonawalizka.com\/index.php\/wp-json\/wp\/v2\/users\/1"}],"replies":[{"embeddable":true,"href":"https:\/\/czerwonawalizka.com\/index.php\/wp-json\/wp\/v2\/comments?post=1180"}],"version-history":[{"count":16,"href":"https:\/\/czerwonawalizka.com\/index.php\/wp-json\/wp\/v2\/pages\/1180\/revisions"}],"predecessor-version":[{"id":3928,"href":"https:\/\/czerwonawalizka.com\/index.php\/wp-json\/wp\/v2\/pages\/1180\/revisions\/3928"}],"wp:featuredmedia":[{"embeddable":true,"href":"https:\/\/czerwonawalizka.com\/index.php\/wp-json\/wp\/v2\/media\/76"}],"wp:attachment":[{"href":"https:\/\/czerwonawalizka.com\/index.php\/wp-json\/wp\/v2\/media?parent=1180"}],"curies":[{"name":"wp","href":"https:\/\/api.w.org\/{rel}","templated":true}]}}